{"id":33,"date":"2012-07-09T21:57:55","date_gmt":"2012-07-09T21:57:55","guid":{"rendered":"http:\/\/constructa.com.mx\/?page_id=33"},"modified":"2020-11-21T16:49:22","modified_gmt":"2020-11-21T16:49:22","slug":"historia","status":"publish","type":"page","link":"http:\/\/www.constructa.com.mx\/new_site\/historia\/","title":{"rendered":"HISTORIA"},"content":{"rendered":"\t\t<div data-elementor-type=\"wp-page\" data-elementor-id=\"33\" class=\"elementor elementor-33\" data-elementor-settings=\"[]\">\n\t\t\t\t\t\t<div class=\"elementor-inner\">\n\t\t\t\t\t\t\t<div class=\"elementor-section-wrap\">\n\t\t\t\t\t\t\t<section class=\"elementor-section elementor-top-section elementor-element elementor-element-200223d elementor-section-boxed elementor-section-height-default elementor-section-height-default\" data-id=\"200223d\" data-element_type=\"section\">\n\t\t\t\t\t\t<div class=\"elementor-container elementor-column-gap-default\">\n\t\t\t\t\t\t\t<div class=\"elementor-row\">\n\t\t\t\t\t<div class=\"elementor-column elementor-col-100 elementor-top-column elementor-element elementor-element-6c33940\" data-id=\"6c33940\" data-element_type=\"column\">\n\t\t\t<div class=\"elementor-column-wrap elementor-element-populated\">\n\t\t\t\t\t\t\t<div class=\"elementor-widget-wrap\">\n\t\t\t\t\t\t<div class=\"elementor-element elementor-element-a3c0a7d elementor-invisible elementor-widget elementor-widget-image\" data-id=\"a3c0a7d\" data-element_type=\"widget\" data-settings=\"{&quot;_animation&quot;:&quot;fadeIn&quot;}\" data-widget_type=\"image.default\">\n\t\t\t\t<div class=\"elementor-widget-container\">\n\t\t\t\t\t\t\t\t<div class=\"elementor-image\">\n\t\t\t\t\t\t\t\t\t\t\t\t<img width=\"640\" height=\"274\" src=\"http:\/\/www.constructa.com.mx\/new_site\/wp-content\/uploads\/Historia_Mesa-de-trabajo-1-1024x439.png\" class=\"elementor-animation-shrink attachment-large size-large\" alt=\"\" loading=\"lazy\" srcset=\"http:\/\/www.constructa.com.mx\/new_site\/wp-content\/uploads\/Historia_Mesa-de-trabajo-1-1024x439.png 1024w, http:\/\/www.constructa.com.mx\/new_site\/wp-content\/uploads\/Historia_Mesa-de-trabajo-1-800x343.png 800w, http:\/\/www.constructa.com.mx\/new_site\/wp-content\/uploads\/Historia_Mesa-de-trabajo-1-768x329.png 768w, http:\/\/www.constructa.com.mx\/new_site\/wp-content\/uploads\/Historia_Mesa-de-trabajo-1.png 1200w\" sizes=\"(max-width: 640px) 100vw, 640px\" \/>\t\t\t\t\t\t\t\t\t\t\t\t\t\t<\/div>\n\t\t\t\t\t\t<\/div>\n\t\t\t\t<\/div>\n\t\t\t\t\t\t<\/div>\n\t\t\t\t\t<\/div>\n\t\t<\/div>\n\t\t\t\t\t\t\t\t<\/div>\n\t\t\t\t\t<\/div>\n\t\t<\/section>\n\t\t\t\t<section class=\"elementor-section elementor-top-section elementor-element elementor-element-b481d6b elementor-section-boxed elementor-section-height-default elementor-section-height-default\" data-id=\"b481d6b\" data-element_type=\"section\">\n\t\t\t\t\t\t<div class=\"elementor-container elementor-column-gap-default\">\n\t\t\t\t\t\t\t<div class=\"elementor-row\">\n\t\t\t\t\t<div class=\"elementor-column elementor-col-100 elementor-top-column elementor-element elementor-element-4c69d66\" data-id=\"4c69d66\" data-element_type=\"column\">\n\t\t\t<div class=\"elementor-column-wrap elementor-element-populated\">\n\t\t\t\t\t\t\t<div class=\"elementor-widget-wrap\">\n\t\t\t\t\t\t<div class=\"elementor-element elementor-element-ec28f42 elementor-invisible elementor-widget elementor-widget-text-editor\" data-id=\"ec28f42\" data-element_type=\"widget\" data-settings=\"{&quot;_animation&quot;:&quot;slideInUp&quot;}\" data-widget_type=\"text-editor.default\">\n\t\t\t\t<div class=\"elementor-widget-container\">\n\t\t\t\t\t\t\t\t<div class=\"elementor-text-editor elementor-clearfix\">\n\t\t\t\t<p class=\"MsoNormal\">En el a\u00f1o de 1962, nace Aluminio Constructa,\u00a0conformado por 2 empleados y 8 obreros, dedicada a la fabricaci\u00f3n e instalaci\u00f3n de canceler\u00eda de aluminio. La primera obra de importancia es el Banco Industrial de Jalisco, que se realiza entre 1962 y 1963. La participaci\u00f3n en obras de importancia comienza a partir de 1974, a\u00f1o en que los productos de cristal, sellados y aluminio permiten dise\u00f1os con mayor participaci\u00f3n de fachadas monumentales y uso del cristal en interiores, trayendo consigo m\u00e1s obras y nuevas experiencias que forjaron nuestro estilo de trabajo, conscientes, que una experiencia solo es \u00fatil en la medida que enriquece las acciones futuras.<\/p><p class=\"MsoNormal\">El trabajo de formaci\u00f3n continua de Aluminio Constructa ha representado la toma de buenas decisiones en la inclusi\u00f3n de personal capaz y nuevos materiales, mientras que la fusi\u00f3n con empresas complementarias en los a\u00f1os 90\u2032s, nos posibilitan a brindar servicios integrales, con un sin n\u00famero de alternativas para cada necesidad planteada por nuestros clientes.<\/p><p>\u00a0<\/p><p class=\"MsoNormal\">En Aluminio Constructa hemos apostado por la continuidad y el mejoramiento de las tecnolog\u00edas, hecho que nos brinda la posibilidad de destacar por nuestras innovaciones en sistemas estructurales antis\u00edsmicos, la creaci\u00f3n de metodolog\u00edas en instalaci\u00f3n m\u00e1s eficientes, y por ende, en la colaboraci\u00f3n en obras que nos enorgullecen en todo momento.<\/p>\t\t\t\t\t<\/div>\n\t\t\t\t\t\t<\/div>\n\t\t\t\t<\/div>\n\t\t\t\t\t\t<\/div>\n\t\t\t\t\t<\/div>\n\t\t<\/div>\n\t\t\t\t\t\t\t\t<\/div>\n\t\t\t\t\t<\/div>\n\t\t<\/section>\n\t\t\t\t\t\t<\/div>\n\t\t\t\t\t\t<\/div>\n\t\t\t\t\t<\/div>\n\t\t","protected":false},"excerpt":{"rendered":"<p>En el a\u00f1o de 1962, nace Aluminio Constructa,\u00a0conformado por 2 empleados y 8 obreros, dedicada a la fabricaci\u00f3n e instalaci\u00f3n de canceler\u00eda de aluminio. La primera obra de importancia es el Banco Industrial de Jalisco, que se realiza entre 1962 [&hellip;]<\/p>\n","protected":false},"author":1,"featured_media":0,"parent":0,"menu_order":0,"comment_status":"closed","ping_status":"closed","template":"","meta":[],"_links":{"self":[{"href":"http:\/\/www.constructa.com.mx\/new_site\/wp-json\/wp\/v2\/pages\/33"}],"collection":[{"href":"http:\/\/www.constructa.com.mx\/new_site\/wp-json\/wp\/v2\/pages"}],"about":[{"href":"http:\/\/www.constructa.com.mx\/new_site\/wp-json\/wp\/v2\/types\/page"}],"author":[{"embeddable":true,"href":"http:\/\/www.constructa.com.mx\/new_site\/wp-json\/wp\/v2\/users\/1"}],"replies":[{"embeddable":true,"href":"http:\/\/www.constructa.com.mx\/new_site\/wp-json\/wp\/v2\/comments?post=33"}],"version-history":[{"count":25,"href":"http:\/\/www.constructa.com.mx\/new_site\/wp-json\/wp\/v2\/pages\/33\/revisions"}],"predecessor-version":[{"id":1044,"href":"http:\/\/www.constructa.com.mx\/new_site\/wp-json\/wp\/v2\/pages\/33\/revisions\/1044"}],"wp:attachment":[{"href":"http:\/\/www.constructa.com.mx\/new_site\/wp-json\/wp\/v2\/media?parent=33"}],"curies":[{"name":"wp","href":"https:\/\/api.w.org\/{rel}","templated":true}]}}