{"id":36,"date":"2012-07-09T21:58:32","date_gmt":"2012-07-09T21:58:32","guid":{"rendered":"http:\/\/constructa.com.mx\/?page_id=36"},"modified":"2020-11-21T17:05:12","modified_gmt":"2020-11-21T17:05:12","slug":"ingenieria","status":"publish","type":"page","link":"http:\/\/www.constructa.com.mx\/new_site\/ingenieria\/","title":{"rendered":"INGENIER\u00cdA"},"content":{"rendered":"\t\t<div data-elementor-type=\"wp-page\" data-elementor-id=\"36\" class=\"elementor elementor-36\" data-elementor-settings=\"[]\">\n\t\t\t\t\t\t<div class=\"elementor-inner\">\n\t\t\t\t\t\t\t<div class=\"elementor-section-wrap\">\n\t\t\t\t\t\t\t<section class=\"elementor-section elementor-top-section elementor-element elementor-element-564eec9 elementor-section-boxed elementor-section-height-default elementor-section-height-default elementor-invisible\" data-id=\"564eec9\" data-element_type=\"section\" data-settings=\"{&quot;background_background&quot;:&quot;gradient&quot;,&quot;shape_divider_top&quot;:&quot;curve&quot;,&quot;animation&quot;:&quot;fadeIn&quot;}\">\n\t\t\t\t\t<div class=\"elementor-shape elementor-shape-top\" data-negative=\"false\">\n\t\t\t<svg xmlns=\"http:\/\/www.w3.org\/2000\/svg\" viewBox=\"0 0 1000 100\" preserveAspectRatio=\"none\">\n    <path class=\"elementor-shape-fill\" d=\"M1000,4.3V0H0v4.3C0.9,23.1,126.7,99.2,500,100S1000,22.7,1000,4.3z\"\/>\n<\/svg>\t\t<\/div>\n\t\t\t\t\t<div class=\"elementor-container elementor-column-gap-default\">\n\t\t\t\t\t\t\t<div class=\"elementor-row\">\n\t\t\t\t\t<div class=\"elementor-column elementor-col-100 elementor-top-column elementor-element elementor-element-e331226\" data-id=\"e331226\" data-element_type=\"column\">\n\t\t\t<div class=\"elementor-column-wrap elementor-element-populated\">\n\t\t\t\t\t\t\t<div class=\"elementor-widget-wrap\">\n\t\t\t\t\t\t<div class=\"elementor-element elementor-element-f1a01e8 elementor-invisible elementor-widget elementor-widget-image\" data-id=\"f1a01e8\" data-element_type=\"widget\" data-settings=\"{&quot;_animation&quot;:&quot;fadeIn&quot;}\" data-widget_type=\"image.default\">\n\t\t\t\t<div class=\"elementor-widget-container\">\n\t\t\t\t\t\t\t\t<div class=\"elementor-image\">\n\t\t\t\t\t\t\t\t\t\t\t\t<img width=\"640\" height=\"274\" src=\"http:\/\/www.constructa.com.mx\/new_site\/wp-content\/uploads\/Ingenieria_Mesa-de-trabajo-1-1024x439.png\" class=\"elementor-animation-shrink attachment-large size-large\" alt=\"\" loading=\"lazy\" srcset=\"http:\/\/www.constructa.com.mx\/new_site\/wp-content\/uploads\/Ingenieria_Mesa-de-trabajo-1-1024x439.png 1024w, http:\/\/www.constructa.com.mx\/new_site\/wp-content\/uploads\/Ingenieria_Mesa-de-trabajo-1-800x343.png 800w, http:\/\/www.constructa.com.mx\/new_site\/wp-content\/uploads\/Ingenieria_Mesa-de-trabajo-1-768x329.png 768w, http:\/\/www.constructa.com.mx\/new_site\/wp-content\/uploads\/Ingenieria_Mesa-de-trabajo-1.png 1200w\" sizes=\"(max-width: 640px) 100vw, 640px\" \/>\t\t\t\t\t\t\t\t\t\t\t\t\t\t<\/div>\n\t\t\t\t\t\t<\/div>\n\t\t\t\t<\/div>\n\t\t\t\t\t\t<\/div>\n\t\t\t\t\t<\/div>\n\t\t<\/div>\n\t\t\t\t\t\t\t\t<\/div>\n\t\t\t\t\t<\/div>\n\t\t<\/section>\n\t\t\t\t<section class=\"elementor-section elementor-top-section elementor-element elementor-element-6a02126 elementor-section-boxed elementor-section-height-default elementor-section-height-default\" data-id=\"6a02126\" data-element_type=\"section\">\n\t\t\t\t\t\t<div class=\"elementor-container elementor-column-gap-default\">\n\t\t\t\t\t\t\t<div class=\"elementor-row\">\n\t\t\t\t\t<div class=\"elementor-column elementor-col-100 elementor-top-column elementor-element elementor-element-03c50fe\" data-id=\"03c50fe\" data-element_type=\"column\">\n\t\t\t<div class=\"elementor-column-wrap elementor-element-populated\">\n\t\t\t\t\t\t\t<div class=\"elementor-widget-wrap\">\n\t\t\t\t\t\t<div class=\"elementor-element elementor-element-38fc80a elementor-invisible elementor-widget elementor-widget-text-editor\" data-id=\"38fc80a\" data-element_type=\"widget\" data-settings=\"{&quot;_animation&quot;:&quot;slideInUp&quot;}\" data-widget_type=\"text-editor.default\">\n\t\t\t\t<div class=\"elementor-widget-container\">\n\t\t\t\t\t\t\t\t<div class=\"elementor-text-editor elementor-clearfix\">\n\t\t\t\t<p><span style=\"vertical-align: inherit;\"><span style=\"vertical-align: inherit;\">Nuestro equipo de ingenier\u00eda es un elemento necesario que se convierte en el importante sello distintivo de nuestra empresa, encargado de proveer al proyecto de argumentos reales para una elaboraci\u00f3n \u00f3ptima, detallada y precisa.<\/span><\/span><\/p><p><span style=\"vertical-align: inherit;\"><span style=\"vertical-align: inherit;\">En el an\u00e1lisis inicial de un proyecto, Aluminio Constructa pone a consideraci\u00f3n del cliente alternativas para el anclaje, la modulaci\u00f3n de la fachada y el tipo de cristal en funci\u00f3n del proyecto visual deseado, la, y la ubicaci\u00f3n del edificio, la velocidad del viento y las caracter\u00edsticas s\u00edsmicas de la regi\u00f3n.<\/span><\/span><\/p><p><span style=\"vertical-align: inherit;\"><span style=\"vertical-align: inherit;\">Una vez que conocemos el abanico de posibilidades aceptables, nuestro equipo de ingenieros y calculistas se encargan de proponer diferentes soluciones, calculando requerimientos de resistencia, comportamiento y compatibilidad de perfiles, cristales y selladores, as\u00ed como alternativas de costos hasta finalmente llegara una solution integral a entera satisfacci\u00f3n del cliente.<\/span><\/span><\/p>\t\t\t\t\t<\/div>\n\t\t\t\t\t\t<\/div>\n\t\t\t\t<\/div>\n\t\t\t\t\t\t<\/div>\n\t\t\t\t\t<\/div>\n\t\t<\/div>\n\t\t\t\t\t\t\t\t<\/div>\n\t\t\t\t\t<\/div>\n\t\t<\/section>\n\t\t\t\t\t\t<\/div>\n\t\t\t\t\t\t<\/div>\n\t\t\t\t\t<\/div>\n\t\t","protected":false},"excerpt":{"rendered":"<p>Nuestro equipo de ingenier\u00eda es un elemento necesario que se convierte en el importante sello distintivo de nuestra empresa, encargado de proveer al proyecto de argumentos reales para una elaboraci\u00f3n \u00f3ptima, detallada y precisa. En el an\u00e1lisis inicial de un [&hellip;]<\/p>\n","protected":false},"author":1,"featured_media":0,"parent":0,"menu_order":0,"comment_status":"closed","ping_status":"open","template":"","meta":[],"_links":{"self":[{"href":"http:\/\/www.constructa.com.mx\/new_site\/wp-json\/wp\/v2\/pages\/36"}],"collection":[{"href":"http:\/\/www.constructa.com.mx\/new_site\/wp-json\/wp\/v2\/pages"}],"about":[{"href":"http:\/\/www.constructa.com.mx\/new_site\/wp-json\/wp\/v2\/types\/page"}],"author":[{"embeddable":true,"href":"http:\/\/www.constructa.com.mx\/new_site\/wp-json\/wp\/v2\/users\/1"}],"replies":[{"embeddable":true,"href":"http:\/\/www.constructa.com.mx\/new_site\/wp-json\/wp\/v2\/comments?post=36"}],"version-history":[{"count":18,"href":"http:\/\/www.constructa.com.mx\/new_site\/wp-json\/wp\/v2\/pages\/36\/revisions"}],"predecessor-version":[{"id":1048,"href":"http:\/\/www.constructa.com.mx\/new_site\/wp-json\/wp\/v2\/pages\/36\/revisions\/1048"}],"wp:attachment":[{"href":"http:\/\/www.constructa.com.mx\/new_site\/wp-json\/wp\/v2\/media?parent=36"}],"curies":[{"name":"wp","href":"https:\/\/api.w.org\/{rel}","templated":true}]}}