{"id":9,"date":"2012-07-09T21:15:39","date_gmt":"2012-07-09T21:15:39","guid":{"rendered":"http:\/\/constructa.com.mx\/?page_id=9"},"modified":"2020-11-23T15:19:22","modified_gmt":"2020-11-23T15:19:22","slug":"nosotros","status":"publish","type":"page","link":"http:\/\/www.constructa.com.mx\/new_site\/nosotros\/","title":{"rendered":"NOSOTROS"},"content":{"rendered":"\t\t<div data-elementor-type=\"wp-page\" data-elementor-id=\"9\" class=\"elementor elementor-9\" data-elementor-settings=\"[]\">\n\t\t\t\t\t\t<div class=\"elementor-inner\">\n\t\t\t\t\t\t\t<div class=\"elementor-section-wrap\">\n\t\t\t\t\t\t\t<section class=\"elementor-section elementor-top-section elementor-element elementor-element-de148f8 elementor-section-boxed elementor-section-height-default elementor-section-height-default\" data-id=\"de148f8\" data-element_type=\"section\">\n\t\t\t\t\t\t<div class=\"elementor-container elementor-column-gap-default\">\n\t\t\t\t\t\t\t<div class=\"elementor-row\">\n\t\t\t\t\t<div class=\"elementor-column elementor-col-100 elementor-top-column elementor-element elementor-element-d7734bd\" data-id=\"d7734bd\" data-element_type=\"column\">\n\t\t\t<div class=\"elementor-column-wrap elementor-element-populated\">\n\t\t\t\t\t\t\t<div class=\"elementor-widget-wrap\">\n\t\t\t\t\t\t<div class=\"elementor-element elementor-element-d43d641 elementor-invisible elementor-widget elementor-widget-image\" data-id=\"d43d641\" data-element_type=\"widget\" data-settings=\"{&quot;_animation&quot;:&quot;fadeIn&quot;}\" data-widget_type=\"image.default\">\n\t\t\t\t<div class=\"elementor-widget-container\">\n\t\t\t\t\t\t\t\t<div class=\"elementor-image\">\n\t\t\t\t\t\t\t\t\t\t\t\t<img width=\"1200\" height=\"514\" src=\"http:\/\/www.constructa.com.mx\/new_site\/wp-content\/uploads\/Nosotros_Mesa-de-trabajo-1.png\" class=\"elementor-animation-shrink attachment-full size-full\" alt=\"\" loading=\"lazy\" srcset=\"http:\/\/www.constructa.com.mx\/new_site\/wp-content\/uploads\/Nosotros_Mesa-de-trabajo-1.png 1200w, http:\/\/www.constructa.com.mx\/new_site\/wp-content\/uploads\/Nosotros_Mesa-de-trabajo-1-800x343.png 800w, http:\/\/www.constructa.com.mx\/new_site\/wp-content\/uploads\/Nosotros_Mesa-de-trabajo-1-1024x439.png 1024w, http:\/\/www.constructa.com.mx\/new_site\/wp-content\/uploads\/Nosotros_Mesa-de-trabajo-1-768x329.png 768w\" sizes=\"(max-width: 1200px) 100vw, 1200px\" \/>\t\t\t\t\t\t\t\t\t\t\t\t\t\t<\/div>\n\t\t\t\t\t\t<\/div>\n\t\t\t\t<\/div>\n\t\t\t\t\t\t<\/div>\n\t\t\t\t\t<\/div>\n\t\t<\/div>\n\t\t\t\t\t\t\t\t<\/div>\n\t\t\t\t\t<\/div>\n\t\t<\/section>\n\t\t\t\t<section class=\"elementor-section elementor-top-section elementor-element elementor-element-9b4ef07 elementor-section-boxed elementor-section-height-default elementor-section-height-default\" data-id=\"9b4ef07\" data-element_type=\"section\">\n\t\t\t\t\t\t<div class=\"elementor-container elementor-column-gap-default\">\n\t\t\t\t\t\t\t<div class=\"elementor-row\">\n\t\t\t\t\t<div class=\"elementor-column elementor-col-100 elementor-top-column elementor-element elementor-element-c6df7ba\" data-id=\"c6df7ba\" data-element_type=\"column\">\n\t\t\t<div class=\"elementor-column-wrap elementor-element-populated\">\n\t\t\t\t\t\t\t<div class=\"elementor-widget-wrap\">\n\t\t\t\t\t\t<div class=\"elementor-element elementor-element-0bda90a elementor-invisible elementor-widget elementor-widget-text-editor\" data-id=\"0bda90a\" data-element_type=\"widget\" data-settings=\"{&quot;_animation&quot;:&quot;fadeInUp&quot;}\" data-widget_type=\"text-editor.default\">\n\t\t\t\t<div class=\"elementor-widget-container\">\n\t\t\t\t\t\t\t\t<div class=\"elementor-text-editor elementor-clearfix\">\n\t\t\t\t<p class=\"MsoNormal\"><span style=\"vertical-align: inherit;\"><span style=\"vertical-align: inherit;\"><span style=\"vertical-align: inherit;\"><span style=\"vertical-align: inherit;\"><span style=\"vertical-align: inherit;\"><span style=\"vertical-align: inherit;\">Aluminio Constructa es una empresa mexicana dedicada al mejoramiento continuo del entorno urbano, nuestra empresa ha adoptado como encomienda primordial el dotar al paisaje de car\u00e1cter \u00fanico, est\u00e9tico y funcional, preocupados por el bienestar social y el mejoramiento de la calidad de vida.<\/span><\/span><\/span><\/span><\/span><\/span><\/p><p class=\"MsoNormal\"><span style=\"vertical-align: inherit;\"><span style=\"vertical-align: inherit;\"><span style=\"vertical-align: inherit;\"><span style=\"vertical-align: inherit;\"><span style=\"vertical-align: inherit;\"><span style=\"vertical-align: inherit;\">Somos una empresa con m\u00e1s de 50 a\u00f1os de experiencia en la fabricaci\u00f3n e instalaci\u00f3n de recubrimientos arquitect\u00f3nicos de aluminio, cristal y paneles de la m\u00e1s alta calidad, que aplica a las obras con tecnolog\u00eda de punta, remarcan la eficiencia que caracteriza a cada uno de nuestros proyectos.<\/span><\/span><\/span><\/span><\/span><\/span><\/p><p class=\"MsoNormal\"><span style=\"font-size: 16px; color: var( --e-global-color-text );\"><span style=\"vertical-align: inherit;\"><span style=\"vertical-align: inherit;\"><span style=\"vertical-align: inherit;\"><span style=\"vertical-align: inherit;\">Especializaci\u00f3n continua y alta tecnolog\u00eda aplicada son las ventajas competitivas de una empresa que deja su sello de calidad en obras de mediana y gran altura, de uno o varios planos de fachada, para control solar y ac\u00fastico, con sistema antis\u00edsmico o cualquier otro requerimiento que el proyecto exija<\/span><\/span><\/span><\/span><\/span><\/p>\t\t\t\t\t<\/div>\n\t\t\t\t\t\t<\/div>\n\t\t\t\t<\/div>\n\t\t\t\t\t\t<\/div>\n\t\t\t\t\t<\/div>\n\t\t<\/div>\n\t\t\t\t\t\t\t\t<\/div>\n\t\t\t\t\t<\/div>\n\t\t<\/section>\n\t\t\t\t<section class=\"elementor-section elementor-top-section elementor-element elementor-element-7b400d8 elementor-section-boxed elementor-section-height-default elementor-section-height-default\" data-id=\"7b400d8\" data-element_type=\"section\">\n\t\t\t\t\t\t<div class=\"elementor-container elementor-column-gap-default\">\n\t\t\t\t\t\t\t<div class=\"elementor-row\">\n\t\t\t\t\t<div class=\"elementor-column elementor-col-100 elementor-top-column elementor-element elementor-element-e808365\" data-id=\"e808365\" data-element_type=\"column\">\n\t\t\t<div class=\"elementor-column-wrap elementor-element-populated\">\n\t\t\t\t\t\t\t<div class=\"elementor-widget-wrap\">\n\t\t\t\t\t\t<div class=\"elementor-element elementor-element-dca9169 elementor-widget elementor-widget-text-editor\" data-id=\"dca9169\" data-element_type=\"widget\" data-widget_type=\"text-editor.default\">\n\t\t\t\t<div class=\"elementor-widget-container\">\n\t\t\t\t\t\t\t\t<div class=\"elementor-text-editor elementor-clearfix\">\n\t\t\t\t<h4 class=\"MsoNormal\"><b><span style=\"vertical-align: inherit;\"><span style=\"vertical-align: inherit;\"><span style=\"vertical-align: inherit;\"><span style=\"vertical-align: inherit;\"><span style=\"vertical-align: inherit;\"><span style=\"vertical-align: inherit;\">En Aluminio Constructa aportamos nuestra experiencia, tecnolog\u00eda y equipo humano en pro del desarrollo urbano que requieren las ciudades innovadoras.<\/span><\/span><\/span><\/span><\/span><\/span><\/b><\/h4>\t\t\t\t\t<\/div>\n\t\t\t\t\t\t<\/div>\n\t\t\t\t<\/div>\n\t\t\t\t\t\t<\/div>\n\t\t\t\t\t<\/div>\n\t\t<\/div>\n\t\t\t\t\t\t\t\t<\/div>\n\t\t\t\t\t<\/div>\n\t\t<\/section>\n\t\t\t\t\t\t<\/div>\n\t\t\t\t\t\t<\/div>\n\t\t\t\t\t<\/div>\n\t\t","protected":false},"excerpt":{"rendered":"<p>Aluminio Constructa es una empresa mexicana dedicada al mejoramiento continuo del entorno urbano, nuestra empresa ha adoptado como encomienda primordial el dotar al paisaje de car\u00e1cter \u00fanico, est\u00e9tico y funcional, preocupados por el bienestar social y el mejoramiento de la [&hellip;]<\/p>\n","protected":false},"author":1,"featured_media":0,"parent":0,"menu_order":0,"comment_status":"closed","ping_status":"open","template":"","meta":[],"_links":{"self":[{"href":"http:\/\/www.constructa.com.mx\/new_site\/wp-json\/wp\/v2\/pages\/9"}],"collection":[{"href":"http:\/\/www.constructa.com.mx\/new_site\/wp-json\/wp\/v2\/pages"}],"about":[{"href":"http:\/\/www.constructa.com.mx\/new_site\/wp-json\/wp\/v2\/types\/page"}],"author":[{"embeddable":true,"href":"http:\/\/www.constructa.com.mx\/new_site\/wp-json\/wp\/v2\/users\/1"}],"replies":[{"embeddable":true,"href":"http:\/\/www.constructa.com.mx\/new_site\/wp-json\/wp\/v2\/comments?post=9"}],"version-history":[{"count":33,"href":"http:\/\/www.constructa.com.mx\/new_site\/wp-json\/wp\/v2\/pages\/9\/revisions"}],"predecessor-version":[{"id":1055,"href":"http:\/\/www.constructa.com.mx\/new_site\/wp-json\/wp\/v2\/pages\/9\/revisions\/1055"}],"wp:attachment":[{"href":"http:\/\/www.constructa.com.mx\/new_site\/wp-json\/wp\/v2\/media?parent=9"}],"curies":[{"name":"wp","href":"https:\/\/api.w.org\/{rel}","templated":true}]}}